{"id":2894,"date":"2026-05-02T11:23:34","date_gmt":"2026-05-02T11:23:34","guid":{"rendered":"https:\/\/ferreteriax.es\/?page_id=2894"},"modified":"2026-05-02T11:23:36","modified_gmt":"2026-05-02T11:23:36","slug":"garantias-y-devoluciones","status":"publish","type":"page","link":"https:\/\/ferreteriax.es\/?page_id=2894","title":{"rendered":"Garant\u00edas y devoluciones"},"content":{"rendered":"\n<p>Condiciones de uso<\/p>\n\n\n\n<p><strong>Garant\u00eda<\/strong><\/p>\n\n\n\n<p>Los clientes de&nbsp;ILLANES ONLINE SL&nbsp;se benefician de la garant\u00eda dada por los distintos fabricantes de cada uno de los art\u00edculos.<\/p>\n\n\n\n<p>Los defectos o desperfectos debidos a una incorrecta utilizaci\u00f3n o manipulaci\u00f3n del material o los desgastes producidos por un uso normal del mismo, no se incluyen en esta garant\u00eda.<\/p>\n\n\n\n<p>Las mermas en la funcionalidad de los art\u00edculos, debidas a las limitaciones de concepci\u00f3n de los mismos, tambi\u00e9n est\u00e1n excluidas de la cobertura de esta garant\u00eda.<\/p>\n\n\n\n<p>Consulte el consejo especializado de nuestro servicio de Atenci\u00f3n al Cliente.<\/p>\n\n\n\n<p><strong>Productos de terceros:<\/strong><\/p>\n\n\n\n<p>Los clientes de ILLANES ONLINE SL se benefician de la garant\u00eda dada por los distintos fabricantes de cada uno de los art\u00edculos.<\/p>\n\n\n\n<p>ILLANES ONLINE SL no responder\u00e1 bajo ning\u00fan concepto de los posibles fallos o defectos que pudiesen tener los productos proporcionados. Ser\u00e1 el propio fabricante qui\u00e9n con su garant\u00eda responder\u00e1 de los posibles desperfectos que el producto albergase.<\/p>\n\n\n\n<p>Los defectos o desperfectos debidos a una incorrecta utilizaci\u00f3n o manipulaci\u00f3n del material o los desgastes producidos por un uso normal del mismo, no se incluyen en esta garant\u00eda.&nbsp;<\/p>\n\n\n\n<p>Las mermas en la funcionalidad de los art\u00edculos, debidas a las limitaciones de concepci\u00f3n de los mismos, tambi\u00e9n est\u00e1n excluidas de la cobertura de esta garant\u00eda.<\/p>\n\n\n\n<p><strong>Productos propios:<\/strong><\/p>\n\n\n\n<p>Seg\u00fan la normativa vigente la garant\u00eda de los art\u00edculos es de 2 a\u00f1os. Para efectuar el derecho de garant\u00eda ha de realizarse la devoluci\u00f3n del producto conjuntamente con el embalaje original y siempre con la autorizaci\u00f3n previa del Departamento de Atenci\u00f3n al cliente a ferreteriaillanes@gmail.com<\/p>\n\n\n\n<p>Los defectos o desperfectos debidos a una incorrecta utilizaci\u00f3n o manipulaci\u00f3n del material o los desgastes producidos por un uso normal del mismo, no se incluyen en esta garant\u00eda.<\/p>\n\n\n\n<p>Las mermas en la funcionalidad de los art\u00edculos, debidas a las limitaciones de concepci\u00f3n de los mismos, tambi\u00e9n est\u00e1n excluidas de la cobertura de esta garant\u00eda.<\/p>\n\n\n\n<p><strong>Formas de env\u00edo y plazos de entrega<\/strong><\/p>\n\n\n\n<p>Los env\u00edos tienen un plazo estimado de 1 a 3 d\u00edas laborables, a veces puede demorarse a un m\u00e1ximo de 7 d\u00edas laborables.<\/p>\n\n\n\n<p>El plazo m\u00e1ximo de entrega del producto ser\u00e1 de 30 d\u00edas laborables (de lunes a viernes). Si la forma de pago elegida es transferencia bancaria, estos plazos pueden modificarse, ya que se realizar\u00e1 el env\u00edo del pedido en el momento que tengamos confirmaci\u00f3n bancaria de la transferencia.<\/p>\n\n\n\n<p>Una vez validado el pedido y verificado el cobro del mismo, el servicio de atenci\u00f3n al cliente contactar\u00e1 con el Cliente para confirmarle la fecha de entrega.<\/p>\n\n\n\n<p><em><u>Atenci\u00f3n<\/u><\/em>:&nbsp;En ning\u00fan caso se realizar\u00e1n env\u00edos a apartados postales.<\/p>\n\n\n\n<p>ILLANES ONLINE SL&nbsp;se reserva el derecho a modificar los plazos de entrega y el tipo de env\u00edo sin previo aviso en el caso de pedidos especiales. Para resolver cualquier duda al respecto p\u00f3ngase en contacto con nuestro servicio de Atenci\u00f3n al Cliente.<\/p>\n\n\n\n<p><strong>Pol\u00edtica de devoluciones de material<\/strong><\/p>\n\n\n\n<p>Si por cualquier motivo no queda satisfecho con su compra, el Cliente dispone de un plazo de 14 d\u00edas h\u00e1biles, a contar desde la fecha de entrega del pedido, para devolverlo.<\/p>\n\n\n\n<p>Nuestro servicio de Atenci\u00f3n al Cliente dispone de procedimientos postventa para solucionar cualquier problema con nuestros art\u00edculos o env\u00edos, y gestionar las devoluciones o cambios de productos.<\/p>\n\n\n\n<p>En caso de devoluci\u00f3n o cambio de producto, el Cliente ha de remitir el producto por sus medios, a portes pagados, adjuntando una copia de la factura original. Tenga en cuenta que ILLANES ONLINE SL&nbsp;no admite env\u00edos a portes debidos. Ante cualquier duda p\u00f3ngase en contacto con nuestro servicio de Atenci\u00f3n al Cliente.<\/p>\n\n\n\n<p>El producto debe estar en perfectas condiciones, sin usar y en su embalaje original, incluyendo garant\u00edas, etiquetas e instrucciones de uso.<\/p>\n\n\n\n<p>Es muy importante que nos devuelva el\/los productos perfectamente embalados. En caso de que los productos resulten da\u00f1ados debido a un embalaje inapropiado, no admitiremos la devoluci\u00f3n. Tampoco se admitir\u00e1 la devoluci\u00f3n si estos carecen de la caja del producto original.<\/p>\n\n\n\n<p>Una vez que recibamos la mercanc\u00eda en nuestros almacenes y comprobemos que se dan todas las condiciones anteriores, ILLANES ONLINE SL&nbsp;admitir\u00e1 la devoluci\u00f3n del producto y se proceder\u00e1 al reintegro de su importe conforme a la modalidad de pago realizada, y en su caso, al env\u00edo del nuevo producto:<\/p>\n\n\n\n<p>&#8211; Si se efectu\u00f3 el pago a trav\u00e9s de tarjeta de cr\u00e9dito, se le abonar\u00e1 el importe en la misma tarjeta de cr\u00e9dito.<br>&#8211; Si se efectu\u00f3 el pago mediante transferencia o contrareembolso, le solicitaremos un n\u00famero de cuenta donde abonar el importe.<br>&#8211; Si se efectu\u00f3 el pago a trav\u00e9s de su cuenta de PayPal, se le abonar\u00e1 el importe en la misma cuenta.<\/p>\n\n\n\n<p>Conforme a las excepciones al Derecho de Desistimiento reguladas en el RDL 1\/2007, no se admitir\u00e1 la devoluci\u00f3n de aquellos productos pedidos directamente a proveedor por encargo o configurados a medida (personalizados). Una vez recibida la mercanc\u00eda en nuestro almac\u00e9n, y previa comprobaci\u00f3n del estado de la misma, se proceder\u00e1 al reintegro de su importe en los t\u00e9rminos establecidos en el RDL 1\/2007, conforme a la modalidad de pago realizada, transcurrido un plazo m\u00e1ximo de 15 d\u00edas, se realizada al pago del abono correspondiente. Los productos han de estar en buen estado, en caso de deterioros del producto o embalajes, ILLANES ONLINE SL puede realizar una depreciaci\u00f3n del importe a devolver.<\/p>\n\n\n\n<p>Una vez comprobado que el producto devuelto est\u00e1 en perfectas condiciones, procedemos al reembolso de su importe. El reembolso se har\u00e1 siempre utilizando el mismo m\u00e9todo que utilizaste en la compra: transferencia, PayPal, tarjeta de cr\u00e9dito o transferencia en el caso de los pedidos contrareembolso.<\/p>\n\n\n\n<p>En caso de rotura del bulto, solo cubrimos la rotura de env\u00edo en los 2 primeros d\u00edas desde la entrega, teniendo en este caso, tiempo suficiente para que el cliente pueda revisar que el producto est\u00e9 en buen estado.<\/p>\n\n\n\n<p>C\u00e1lculo de los reembolsos<\/p>\n\n\n\n<p>Si la devoluci\u00f3n es debida a alg\u00fan error por nuestra parte o porque has recibido alg\u00fan producto err\u00f3neo o en mal estado, te devolveremos los gastos de env\u00edo que te cobramos al enviarte el producto.<\/p>\n\n\n\n<p>Resto de devoluciones<\/p>\n\n\n\n<p>Cuando la devoluci\u00f3n sea por otros motivos, siempre que la mercanc\u00eda nos llegue en perfecto estado, el reembolso ser\u00e1 el equivalente al importe del producto devuelto. En este caso, no se reembolsar\u00e1n ni los gastos de env\u00edo ni los de recogida del producto a devolver.<\/p>\n\n\n\n<p>El derecho de desistimiento no ser\u00e1 aplicable a los pedidos que se refieran a:<\/p>\n\n\n\n<ul class=\"wp-block-list\">\n<li>El suministro de bienes confeccionados conforme a las especificaciones del consumidor y usuario por encargo o claramente personalizados.<\/li>\n\n\n\n<li>El suministro de bienes que puedan deteriorarse o caducar con rapidez.<\/li>\n\n\n\n<li>El suministro de bienes precintados que no sean aptos para ser devueltos por razones de protecci\u00f3n de la salud o de higiene y que hayan sido desprecintados tras la entrega.<\/li>\n\n\n\n<li>El suministro de bienes que despu\u00e9s de su entrega y teniendo en cuenta su naturaleza se hayan mezclado de forma indisociable con otros bienes.<\/li>\n\n\n\n<li>Se realice un pedido a proveedor con unidades de un producto espec\u00edficas para el cliente.<\/li>\n<\/ul>\n\n\n\n<p><strong>Formas de pago<\/strong><\/p>\n\n\n\n<p>El sistema le mostrar\u00e1 autom\u00e1ticamente las formas de pago disponibles para su compra. Consulte aqu\u00ed los detalles y la disponibilidad o no de cada una de las formas de pago que nuestro sistema admite:<\/p>\n\n\n\n<p>&#8211; En tienda<br>&#8211; Transferencia bancaria<br>&#8211; Tarjeta de cr\u00e9dito o d\u00e9bito<br>&#8211; Paypal<\/p>\n\n\n\n<p>Tarjeta de cr\u00e9dito o d\u00e9bito<\/p>\n\n\n\n<p>Le garantizamos que cada una de las transacciones realizadas en el Web es 100% segura. Todas las operaciones que implican la transmisi\u00f3n de datos personales o bancarios se realizan utilizando un entorno seguro.<\/p>\n\n\n\n<p>As\u00ed mismo los datos sobre su tarjeta de cr\u00e9dito no quedan registrados en ninguna base de datos de ILLANES ONLINE SL&nbsp;sino que van directamente al TPV (Terminal Punto de Venta del Banco).<\/p>\n\n\n\n<p>Al pagar con tarjeta se le solicitar\u00e1n siempre los siguientes datos: el n\u00famero de tarjeta, la fecha de caducidad, y un C\u00f3digo de Validaci\u00f3n que coincide con las 3 \u00faltimas cifras del n\u00famero impreso en cursiva en el reverso de su tarjeta, ofreciendo, de esta forma, m\u00e1s garant\u00edas acerca de la seguridad de la transacci\u00f3n.<\/p>\n\n\n\n<p>Si todav\u00eda no ha recibido una clave personal de uso exclusivo para pagos en Internet, le aconsejamos que solicite a su entidad financiera adherir sus tarjetas al servicio de Comercio Electr\u00f3nico Seguro. Para ello puede ponerse en contacto con su banco.<\/p>\n\n\n\n<p><em><u>Atenci\u00f3n<\/u><\/em>: El fraude con tarjeta de cr\u00e9dito es un delito, y ILLANES ONLINE SL, entablar\u00e1 las acciones judiciales pertinentes contra todo aquel que realice una transacci\u00f3n fraudulenta en nuestra tienda online.<\/p>\n\n\n\n<p>Transferencia bancaria<\/p>\n\n\n\n<p>Al seleccionar \u201ctransferencia bancaria\u201d se le indicar\u00e1 el n\u00famero de cuenta en el que efectuar la transferencia bancaria a nombre de ILLANES ONLINE SL.&nbsp;Asimismo, en el correo electr\u00f3nico de confirmaci\u00f3n del pedido que recibir\u00e1 tambi\u00e9n le informaremos de estos datos. Como concepto de la transferencia debe indicar el n\u00famero de pedido, el nombre y apellido que figura en el correo electr\u00f3nico de confirmaci\u00f3n del pedido.<\/p>\n\n\n\n<p>Dispone de 4 d\u00edas naturales para realizar la transferencia. Pasado este tiempo su compra se cancelar\u00e1.<\/p>\n\n\n\n<p>Si lo desea, puede enviarnos el justificante de la transferencia a la direcci\u00f3n de correo de Atenci\u00f3n al Cliente. Pero en cualquier caso, no se considerar\u00e1 efectivo el pago hasta que nuestro departamento de administraci\u00f3n no tenga confirmaci\u00f3n bancaria de la transferencia.<\/p>\n\n\n\n<p>No olvide que debe efectuar el pago en euros y que todas las eventuales comisiones de cambio y bancarias corren por su cuenta al optar por este sistema de pago.<\/p>\n\n\n\n<p>Paypal<\/p>\n\n\n\n<p>PayPal permite a los consumidores que dispongan de correo electr\u00f3nico enviar pagos por Internet de forma segura, c\u00f3moda y rentable. La red de PayPal se basa en la infraestructura financiera existente de cuentas bancarias y tarjetas de cr\u00e9dito para crear una soluci\u00f3n global de pago en tiempo real. Paypal ofrece un servicio especialmente pensado para aquellos a los que no les satisfacen los mecanismos de pago tradicionales.<\/p>\n\n\n\n<p>Para m\u00e1s informaci\u00f3n puede visitar la web de Paypal<\/p>\n\n\n\n<p><strong>Legislaci\u00f3n y jurisdicci\u00f3n aplicables<\/strong><\/p>\n\n\n\n<p>Las presentes condiciones generales se interpretar\u00e1n conforme a la legislaci\u00f3n vigente en Espa\u00f1a en la materia, que se aplicar\u00e1 subsidiariamente en todo lo que no se haya previsto en las mismas. Para la resoluci\u00f3n de todas las controversias o cuestiones relacionadas con el Web o de las actividades en \u00e9l desarrolladas, ser\u00e1 de aplicaci\u00f3n la legislaci\u00f3n espa\u00f1ola vigente, a la cual se someten expresamente ILLANES ONLINE SL&nbsp;y los Clientes y los Usuarios de Internet, con renuncia expresa a cualquiera otro fuero, siendo competentes para la resoluci\u00f3n de todos los conflictos derivados o relacionados con su uso los Juzgados y Tribunales de la ciudad de Alhaur\u00edn de la Torre.<\/p>\n\n\n\n<p><em>Hay productos que por su peso y &nbsp;tama\u00f1o no se pueden aplicar estas tarifas, se informar\u00e1 al cliente en las&nbsp;siguientes 24h laborables para que pueda solicitar el reembolso si no le conviene.<\/em> <\/p>\n","protected":false},"excerpt":{"rendered":"<p>Condiciones de uso Garant\u00eda Los clientes de&nbsp;ILLANES ONLINE SL&nbsp;se benefician de la garant\u00eda dada por los distintos fabricantes de cada [&hellip;]<\/p>\n","protected":false},"author":1,"featured_media":0,"parent":0,"menu_order":0,"comment_status":"closed","ping_status":"closed","template":"","meta":{"site-sidebar-layout":"default","site-content-layout":"","ast-site-content-layout":"default","site-content-style":"default","site-sidebar-style":"default","ast-global-header-display":"","ast-banner-title-visibility":"","ast-main-header-display":"","ast-hfb-above-header-display":"","ast-hfb-below-header-display":"","ast-hfb-mobile-header-display":"","site-post-title":"","ast-breadcrumbs-content":"","ast-featured-img":"","footer-sml-layout":"","ast-disable-related-posts":"","theme-transparent-header-meta":"","adv-header-id-meta":"","stick-header-meta":"","header-above-stick-meta":"","header-main-stick-meta":"","header-below-stick-meta":"","astra-migrate-meta-layouts":"default","ast-page-background-enabled":"default","ast-page-background-meta":{"desktop":{"background-color":"var(--ast-global-color-5)","background-image":"","background-repeat":"repeat","background-position":"center center","background-size":"auto","background-attachment":"scroll","background-type":"","background-media":"","overlay-type":"","overlay-color":"","overlay-opacity":"","overlay-gradient":""},"tablet":{"background-color":"","background-image":"","background-repeat":"repeat","background-position":"center center","background-size":"auto","background-attachment":"scroll","background-type":"","background-media":"","overlay-type":"","overlay-color":"","overlay-opacity":"","overlay-gradient":""},"mobile":{"background-color":"","background-image":"","background-repeat":"repeat","background-position":"center center","background-size":"auto","background-attachment":"scroll","background-type":"","background-media":"","overlay-type":"","overlay-color":"","overlay-opacity":"","overlay-gradient":""}},"ast-content-background-meta":{"desktop":{"background-color":"var(--ast-global-color-4)","background-image":"","background-repeat":"repeat","background-position":"center center","background-size":"auto","background-attachment":"scroll","background-type":"","background-media":"","overlay-type":"","overlay-color":"","overlay-opacity":"","overlay-gradient":""},"tablet":{"background-color":"var(--ast-global-color-4)","background-image":"","background-repeat":"repeat","background-position":"center center","background-size":"auto","background-attachment":"scroll","background-type":"","background-media":"","overlay-type":"","overlay-color":"","overlay-opacity":"","overlay-gradient":""},"mobile":{"background-color":"var(--ast-global-color-4)","background-image":"","background-repeat":"repeat","background-position":"center center","background-size":"auto","background-attachment":"scroll","background-type":"","background-media":"","overlay-type":"","overlay-color":"","overlay-opacity":"","overlay-gradient":""}},"footnotes":""},"class_list":["post-2894","page","type-page","status-publish","hentry"],"yoast_head":"<!-- This site is optimized with the Yoast SEO plugin v27.5 - https:\/\/yoast.com\/product\/yoast-seo-wordpress\/ -->\n<title>Garant\u00edas y devoluciones - Ferre X<\/title>\n<meta name=\"robots\" content=\"index, follow, max-snippet:-1, max-image-preview:large, max-video-preview:-1\" \/>\n<link rel=\"canonical\" href=\"https:\/\/ferreteriax.es\/?page_id=2894\" \/>\n<meta property=\"og:locale\" content=\"es_ES\" \/>\n<meta property=\"og:type\" content=\"article\" \/>\n<meta property=\"og:title\" content=\"Garant\u00edas y devoluciones - Ferre X\" \/>\n<meta property=\"og:description\" content=\"Condiciones de uso Garant\u00eda Los clientes de&nbsp;ILLANES ONLINE SL&nbsp;se benefician de la garant\u00eda dada por los distintos fabricantes de cada [&hellip;]\" \/>\n<meta property=\"og:url\" content=\"https:\/\/ferreteriax.es\/?page_id=2894\" \/>\n<meta property=\"og:site_name\" content=\"Ferre X\" \/>\n<meta property=\"article:modified_time\" content=\"2026-05-02T11:23:36+00:00\" \/>\n<meta name=\"twitter:card\" content=\"summary_large_image\" \/>\n<meta name=\"twitter:label1\" content=\"Tiempo de lectura\" \/>\n\t<meta name=\"twitter:data1\" content=\"10 minutos\" \/>\n<script type=\"application\/ld+json\" class=\"yoast-schema-graph\">{\"@context\":\"https:\\\/\\\/schema.org\",\"@graph\":[{\"@type\":\"WebPage\",\"@id\":\"https:\\\/\\\/ferreteriax.es\\\/?page_id=2894\",\"url\":\"https:\\\/\\\/ferreteriax.es\\\/?page_id=2894\",\"name\":\"Garant\u00edas y devoluciones - Ferre X\",\"isPartOf\":{\"@id\":\"https:\\\/\\\/ferreteriax.es\\\/#website\"},\"datePublished\":\"2026-05-02T11:23:34+00:00\",\"dateModified\":\"2026-05-02T11:23:36+00:00\",\"breadcrumb\":{\"@id\":\"https:\\\/\\\/ferreteriax.es\\\/?page_id=2894#breadcrumb\"},\"inLanguage\":\"es\",\"potentialAction\":[{\"@type\":\"ReadAction\",\"target\":[\"https:\\\/\\\/ferreteriax.es\\\/?page_id=2894\"]}]},{\"@type\":\"BreadcrumbList\",\"@id\":\"https:\\\/\\\/ferreteriax.es\\\/?page_id=2894#breadcrumb\",\"itemListElement\":[{\"@type\":\"ListItem\",\"position\":1,\"name\":\"Portada\",\"item\":\"https:\\\/\\\/ferreteriax.es\\\/\"},{\"@type\":\"ListItem\",\"position\":2,\"name\":\"Garant\u00edas y devoluciones\"}]},{\"@type\":\"WebSite\",\"@id\":\"https:\\\/\\\/ferreteriax.es\\\/#website\",\"url\":\"https:\\\/\\\/ferreteriax.es\\\/\",\"name\":\"Ferre X\",\"description\":\"Ferreter\u00eda 24-48 horas\",\"potentialAction\":[{\"@type\":\"SearchAction\",\"target\":{\"@type\":\"EntryPoint\",\"urlTemplate\":\"https:\\\/\\\/ferreteriax.es\\\/?s={search_term_string}\"},\"query-input\":{\"@type\":\"PropertyValueSpecification\",\"valueRequired\":true,\"valueName\":\"search_term_string\"}}],\"inLanguage\":\"es\"}]}<\/script>\n<!-- \/ Yoast SEO plugin. -->","yoast_head_json":{"title":"Garant\u00edas y devoluciones - Ferre X","robots":{"index":"index","follow":"follow","max-snippet":"max-snippet:-1","max-image-preview":"max-image-preview:large","max-video-preview":"max-video-preview:-1"},"canonical":"https:\/\/ferreteriax.es\/?page_id=2894","og_locale":"es_ES","og_type":"article","og_title":"Garant\u00edas y devoluciones - Ferre X","og_description":"Condiciones de uso Garant\u00eda Los clientes de&nbsp;ILLANES ONLINE SL&nbsp;se benefician de la garant\u00eda dada por los distintos fabricantes de cada [&hellip;]","og_url":"https:\/\/ferreteriax.es\/?page_id=2894","og_site_name":"Ferre X","article_modified_time":"2026-05-02T11:23:36+00:00","twitter_card":"summary_large_image","twitter_misc":{"Tiempo de lectura":"10 minutos"},"schema":{"@context":"https:\/\/schema.org","@graph":[{"@type":"WebPage","@id":"https:\/\/ferreteriax.es\/?page_id=2894","url":"https:\/\/ferreteriax.es\/?page_id=2894","name":"Garant\u00edas y devoluciones - Ferre X","isPartOf":{"@id":"https:\/\/ferreteriax.es\/#website"},"datePublished":"2026-05-02T11:23:34+00:00","dateModified":"2026-05-02T11:23:36+00:00","breadcrumb":{"@id":"https:\/\/ferreteriax.es\/?page_id=2894#breadcrumb"},"inLanguage":"es","potentialAction":[{"@type":"ReadAction","target":["https:\/\/ferreteriax.es\/?page_id=2894"]}]},{"@type":"BreadcrumbList","@id":"https:\/\/ferreteriax.es\/?page_id=2894#breadcrumb","itemListElement":[{"@type":"ListItem","position":1,"name":"Portada","item":"https:\/\/ferreteriax.es\/"},{"@type":"ListItem","position":2,"name":"Garant\u00edas y devoluciones"}]},{"@type":"WebSite","@id":"https:\/\/ferreteriax.es\/#website","url":"https:\/\/ferreteriax.es\/","name":"Ferre X","description":"Ferreter\u00eda 24-48 horas","potentialAction":[{"@type":"SearchAction","target":{"@type":"EntryPoint","urlTemplate":"https:\/\/ferreteriax.es\/?s={search_term_string}"},"query-input":{"@type":"PropertyValueSpecification","valueRequired":true,"valueName":"search_term_string"}}],"inLanguage":"es"}]}},"_links":{"self":[{"href":"https:\/\/ferreteriax.es\/index.php?rest_route=\/wp\/v2\/pages\/2894","targetHints":{"allow":["GET"]}}],"collection":[{"href":"https:\/\/ferreteriax.es\/index.php?rest_route=\/wp\/v2\/pages"}],"about":[{"href":"https:\/\/ferreteriax.es\/index.php?rest_route=\/wp\/v2\/types\/page"}],"author":[{"embeddable":true,"href":"https:\/\/ferreteriax.es\/index.php?rest_route=\/wp\/v2\/users\/1"}],"replies":[{"embeddable":true,"href":"https:\/\/ferreteriax.es\/index.php?rest_route=%2Fwp%2Fv2%2Fcomments&post=2894"}],"version-history":[{"count":1,"href":"https:\/\/ferreteriax.es\/index.php?rest_route=\/wp\/v2\/pages\/2894\/revisions"}],"predecessor-version":[{"id":2898,"href":"https:\/\/ferreteriax.es\/index.php?rest_route=\/wp\/v2\/pages\/2894\/revisions\/2898"}],"wp:attachment":[{"href":"https:\/\/ferreteriax.es\/index.php?rest_route=%2Fwp%2Fv2%2Fmedia&parent=2894"}],"curies":[{"name":"wp","href":"https:\/\/api.w.org\/{rel}","templated":true}]}}