{"id":2896,"date":"2026-05-02T11:28:26","date_gmt":"2026-05-02T11:28:26","guid":{"rendered":"https:\/\/ferreteriax.es\/?page_id=2896"},"modified":"2026-05-02T11:28:28","modified_gmt":"2026-05-02T11:28:28","slug":"politica-de-cookies","status":"publish","type":"page","link":"https:\/\/ferreteriax.es\/?page_id=2896","title":{"rendered":"Pol\u00edtica de cookies"},"content":{"rendered":"\n<p> <a href=\"https:\/\/www.ferreteriaillanes.com\/\">VOLVER A LA WEB<\/a> <\/p>\n\n\n\n<h4 class=\"wp-block-heading\">1.&nbsp;&nbsp; \u00bfQU\u00c9 SON LAS COOKIES?<\/h4>\n\n\n\n<p><strong>ILLANES ONLINE SL <\/strong>es responsable de la p\u00e1gina web <a href=\"http:\/\/www.ferreteriaillanes.com\/\">http:\/\/www.ferreteriaillanes.com,<\/a> y utiliza cookies y\/u otros archivos de funcionalidad similar (en adelante \u201cCookies\u201d).<\/p>\n\n\n\n<p>Las Cookies son peque\u00f1os archivos de datos que se env\u00edan al ordenador del usuario, tel\u00e9fono m\u00f3vil u otro dispositivo de acceso cuando visita una p\u00e1gina web y que permiten obtener informaci\u00f3n relativa a su navegaci\u00f3n o un c\u00f3digo que permite identificar inequ\u00edvocamente al usuario.<\/p>\n\n\n\n<h4 class=\"wp-block-heading\">2.&nbsp;&nbsp;&nbsp; TIPOLOG\u00cdA DE COOKIES Y FINALIDADES DE USO<\/h4>\n\n\n\n<p>La p\u00e1gina web <a href=\"http:\/\/www.ferreteriaillanes.com\/\">http:\/\/www.ferreteriaillanes.com<\/a> utiliza Cookies de sesi\u00f3n y\/o Cookies persistentes&nbsp; &nbsp;que,&nbsp; &nbsp;a&nbsp; &nbsp;su&nbsp; &nbsp;vez,&nbsp; &nbsp;pueden&nbsp; &nbsp;ser&nbsp; &nbsp;Cookies&nbsp; &nbsp;propias&nbsp; &nbsp;y\/o&nbsp; &nbsp;de&nbsp; &nbsp;terceros.<\/p>\n\n\n\n<p>Las Cookies de sesi\u00f3n son cookies dise\u00f1adas para recabar y almacenar datos mientras el usuario accede a una p\u00e1gina web. Se suelen emplear para almacenar informaci\u00f3n que solo interesa conservar para la prestaci\u00f3n del servicio solicitado por el usuario en una sola ocasi\u00f3n.<\/p>\n\n\n\n<p>Las Cookies persistentes son un tipo de cookies en el que los datos siguen almacenados en el terminal y a los que se puede acceder y tratar durante un periodo definido por el responsable de la cookie, y que puede ir de unos minutos a varios a\u00f1os.<\/p>\n\n\n\n<p>Cookies propias: Las creadas o gestionadas por el responsable de la p\u00e1gina web <strong>ILLANES ONLINE SL<\/strong>. La p\u00e1gina web <a href=\"http:\/\/www.ferreteriaillanes.com\/\">http:\/\/www.ferreteriaillanes.com, <\/a>utiliza Cookies propias con las siguientes finalidades:<\/p>\n\n\n\n<ul class=\"wp-block-list\">\n<li><strong>T\u00e9cnicas<\/strong>: permiten al usuario la navegaci\u00f3n la utilizaci\u00f3n de las diferentes opciones o servicios que en ella existan como, por ejemplo, controlar el tr\u00e1fico y la comunicaci\u00f3n de datos, identificar la sesi\u00f3n, acceder a partes de acceso restringido, utilizar elementos de seguridad durante la navegaci\u00f3n, almacenar contenidos.<\/li>\n<\/ul>\n\n\n\n<ul class=\"wp-block-list\">\n<li><strong>Personalizaci\u00f3n<\/strong>: permiten al usuario acceder al servicio con algunas caracter\u00edsticas de car\u00e1cter general predefinidas en funci\u00f3n de una serie de criterios en el terminal del usuario como, por ejemplo, recordar preferencias de reproducci\u00f3n de v\u00eddeos.<\/li>\n<\/ul>\n\n\n\n<p>Cookies de terceros: Las administradas por prestadores de servicios ajenos a <strong>ILLANES ONLINE SL<\/strong><\/p>\n\n\n\n<p>A continuaci\u00f3n, se detallan tanto los terceros que pueden configurar y acceder a Cookies de su equipo, como las finalidades con las que se utiliza la informaci\u00f3n que almacenan:<\/p>\n\n\n\n<p><strong>FINALIDAD<\/strong><strong><\/strong><\/p>\n\n\n\n<p>An\u00e1lisis: Las cookies anal\u00edticas se utilizan para elaborar perfiles de navegaci\u00f3n y poder conocer las preferencias de los usuarios con el fin de mejorar la oferta de productos y servicios.<\/p>\n\n\n\n<p> <strong>TERCERO<\/strong><\/p>\n\n\n\n<p>Google<\/p>\n\n\n\n<p> <strong>Aceptar o rechazar<\/strong><\/p>\n\n\n\n<p><\/p>\n\n\n\n<p><strong>M\u00e1s informaci\u00f3n<\/strong><\/p>\n\n\n\n<p><a href=\"https:\/\/developers.google.com\/analytics\/devguides\/collection\/analyticsjs\/cookie-usage\">Pulse aqu\u00ed<\/a><\/p>\n\n\n\n<p>Tambi\u00e9n puedes: RECHAZAR TODAS LAS COOKIES<\/p>\n\n\n\n<p>El usuario puede obtener m\u00e1s informaci\u00f3n sobre las transferencias a terceros pa\u00edses que, en su caso, realizan los terceros identificados en esta pol\u00edtica de cookies en sus correspondientes pol\u00edticas (ver los enlaces facilitados en el apartado \u201cM\u00e1s informaci\u00f3n\u201d)<\/p>\n\n\n\n<h4 class=\"wp-block-heading\">3.    DESACTIVACI\u00d3N O ELIMINACI\u00d3N DE LAS COOKIES<\/h4>\n\n\n\n<p>La mayor\u00eda de navegadores web permite gestionar, en cualquier momento, las preferencias del usuario sobre el uso de las Cookies. El usuario puede ajustar su navegador para que rechace Cookies o elimine determinadas Cookies seg\u00fan su criterio<\/p>\n\n\n\n<p>Para la configuraci\u00f3n de las Cookies el usuario puede acceder a:<\/p>\n\n\n\n<h4 class=\"wp-block-heading\"><a href=\"https:\/\/support.microsoft.com\/es-es\/help\/17442\/windows-internet-explorer-delete-manage-cookies\">Internet Explorer<\/a> <\/h4>\n\n\n\n<h4 class=\"wp-block-heading\"><a href=\"https:\/\/support.mozilla.org\/es\/kb\/impedir-que-los-sitios-web-guarden-sus-preferencia\"><strong>Mozilla Firefox<\/strong><\/a><\/h4>\n\n\n\n<h4 class=\"wp-block-heading\"><a href=\"https:\/\/support.google.com\/chrome\/answer\/95647?co=GENIE.Platform%3DDesktop&amp;&amp;hl=es\">Google Chrome<\/a><\/h4>\n\n\n\n<h4 class=\"wp-block-heading\"><a href=\"https:\/\/privacy.microsoft.com\/es-ES\/windows-10-microsoft-edge-and-privacy\"><strong>Microsoft Edge<\/strong><\/a><\/h4>\n\n\n\n<h4 class=\"wp-block-heading\"><a href=\"https:\/\/support.apple.com\/es-es\/HT201265\">Safari<\/a><\/h4>\n\n\n\n<h4 class=\"wp-block-heading\"><a href=\"http:\/\/help.opera.com\/Linux\/10.60\/es-ES\/cookies.html\"><strong>Opera<\/strong><\/a><\/h4>\n\n\n\n<p>El usuario puede revocar su consentimiento para el uso de Cookies en su navegador a trav\u00e9s de las indicaciones anteriores o a trav\u00e9s de la instalaci\u00f3n de un sistema de rechazo, (\u201copt- out\u201d) en su navegador web.<\/p>\n\n\n\n<p>En el caso de las Cookies de Google Analytics, el opt-out puede realizarse a trav\u00e9s del <a href=\"https:\/\/tools.google.com\/dlpage\/gaoptout?hl=None\">siguiente enlace.<\/a><\/p>\n\n\n\n<p>El usuario debe tener en cuenta que algunas caracter\u00edsticas de los contenidos de la P\u00e1gina Web <a href=\"http:\/\/www.ferreteriaillanes.com\/\">http:\/\/www.ferreteriaillanes.com <\/a>solo est\u00e1n disponibles si se permite la instalaci\u00f3n de Cookies en su navegador. Si decide no aceptar o bloquear determinadas Cookies (en funci\u00f3n de su finalidad), puede que esto afecte, total o parcialmente, al funcionamiento normal de la P\u00e1gina Web o que impida el acceso a algunos servicios de la misma.<\/p>\n\n\n\n<h4 class=\"wp-block-heading\">4.         ACTUALIZACIONES  Y   CAMBIOS  EN   LA  POL\u00cdTICA  DE COOKIES<\/h4>\n\n\n\n<p><strong>ILLANES ONLINE SL <\/strong>puede modificar esta Pol\u00edtica de Cookies en funci\u00f3n de nuevas exigencias legislativas, reglamentarias, o con la finalidad de adaptar dicha pol\u00edtica a las instrucciones dictadas por la Agencia Espa\u00f1ola de Protecci\u00f3n de Datos.<\/p>\n\n\n\n<p>Si desea m\u00e1s informaci\u00f3n sobre qu\u00e9 uso hacemos de las Cookies, puede enviarnos un e-mail a: <a href=\"mailto:ferreteriaillanes@gmail.com\">ferreteriaillanes@gmail.com<\/a><\/p>\n","protected":false},"excerpt":{"rendered":"<p>VOLVER A LA WEB 1.&nbsp;&nbsp; \u00bfQU\u00c9 SON LAS COOKIES? ILLANES ONLINE SL es responsable de la p\u00e1gina web http:\/\/www.ferreteriaillanes.com, y [&hellip;]<\/p>\n","protected":false},"author":1,"featured_media":0,"parent":0,"menu_order":0,"comment_status":"closed","ping_status":"closed","template":"","meta":{"site-sidebar-layout":"default","site-content-layout":"","ast-site-content-layout":"default","site-content-style":"default","site-sidebar-style":"default","ast-global-header-display":"","ast-banner-title-visibility":"","ast-main-header-display":"","ast-hfb-above-header-display":"","ast-hfb-below-header-display":"","ast-hfb-mobile-header-display":"","site-post-title":"","ast-breadcrumbs-content":"","ast-featured-img":"","footer-sml-layout":"","ast-disable-related-posts":"","theme-transparent-header-meta":"","adv-header-id-meta":"","stick-header-meta":"","header-above-stick-meta":"","header-main-stick-meta":"","header-below-stick-meta":"","astra-migrate-meta-layouts":"default","ast-page-background-enabled":"default","ast-page-background-meta":{"desktop":{"background-color":"var(--ast-global-color-5)","background-image":"","background-repeat":"repeat","background-position":"center center","background-size":"auto","background-attachment":"scroll","background-type":"","background-media":"","overlay-type":"","overlay-color":"","overlay-opacity":"","overlay-gradient":""},"tablet":{"background-color":"","background-image":"","background-repeat":"repeat","background-position":"center center","background-size":"auto","background-attachment":"scroll","background-type":"","background-media":"","overlay-type":"","overlay-color":"","overlay-opacity":"","overlay-gradient":""},"mobile":{"background-color":"","background-image":"","background-repeat":"repeat","background-position":"center center","background-size":"auto","background-attachment":"scroll","background-type":"","background-media":"","overlay-type":"","overlay-color":"","overlay-opacity":"","overlay-gradient":""}},"ast-content-background-meta":{"desktop":{"background-color":"var(--ast-global-color-4)","background-image":"","background-repeat":"repeat","background-position":"center center","background-size":"auto","background-attachment":"scroll","background-type":"","background-media":"","overlay-type":"","overlay-color":"","overlay-opacity":"","overlay-gradient":""},"tablet":{"background-color":"var(--ast-global-color-4)","background-image":"","background-repeat":"repeat","background-position":"center center","background-size":"auto","background-attachment":"scroll","background-type":"","background-media":"","overlay-type":"","overlay-color":"","overlay-opacity":"","overlay-gradient":""},"mobile":{"background-color":"var(--ast-global-color-4)","background-image":"","background-repeat":"repeat","background-position":"center center","background-size":"auto","background-attachment":"scroll","background-type":"","background-media":"","overlay-type":"","overlay-color":"","overlay-opacity":"","overlay-gradient":""}},"footnotes":""},"class_list":["post-2896","page","type-page","status-publish","hentry"],"yoast_head":"<!-- This site is optimized with the Yoast SEO plugin v27.5 - https:\/\/yoast.com\/product\/yoast-seo-wordpress\/ -->\n<title>Pol\u00edtica de cookies - Ferre X<\/title>\n<meta name=\"robots\" content=\"index, follow, max-snippet:-1, max-image-preview:large, max-video-preview:-1\" \/>\n<link rel=\"canonical\" href=\"https:\/\/ferreteriax.es\/?page_id=2896\" \/>\n<meta property=\"og:locale\" content=\"es_ES\" \/>\n<meta property=\"og:type\" content=\"article\" \/>\n<meta property=\"og:title\" content=\"Pol\u00edtica de cookies - Ferre X\" \/>\n<meta property=\"og:description\" content=\"VOLVER A LA WEB 1.&nbsp;&nbsp; \u00bfQU\u00c9 SON LAS COOKIES? ILLANES ONLINE SL es responsable de la p\u00e1gina web http:\/\/www.ferreteriaillanes.com, y [&hellip;]\" \/>\n<meta property=\"og:url\" content=\"https:\/\/ferreteriax.es\/?page_id=2896\" \/>\n<meta property=\"og:site_name\" content=\"Ferre X\" \/>\n<meta property=\"article:modified_time\" content=\"2026-05-02T11:28:28+00:00\" \/>\n<meta name=\"twitter:card\" content=\"summary_large_image\" \/>\n<meta name=\"twitter:label1\" content=\"Tiempo de lectura\" \/>\n\t<meta name=\"twitter:data1\" content=\"4 minutos\" \/>\n<script type=\"application\/ld+json\" class=\"yoast-schema-graph\">{\"@context\":\"https:\\\/\\\/schema.org\",\"@graph\":[{\"@type\":\"WebPage\",\"@id\":\"https:\\\/\\\/ferreteriax.es\\\/?page_id=2896\",\"url\":\"https:\\\/\\\/ferreteriax.es\\\/?page_id=2896\",\"name\":\"Pol\u00edtica de cookies - Ferre X\",\"isPartOf\":{\"@id\":\"https:\\\/\\\/ferreteriax.es\\\/#website\"},\"datePublished\":\"2026-05-02T11:28:26+00:00\",\"dateModified\":\"2026-05-02T11:28:28+00:00\",\"breadcrumb\":{\"@id\":\"https:\\\/\\\/ferreteriax.es\\\/?page_id=2896#breadcrumb\"},\"inLanguage\":\"es\",\"potentialAction\":[{\"@type\":\"ReadAction\",\"target\":[\"https:\\\/\\\/ferreteriax.es\\\/?page_id=2896\"]}]},{\"@type\":\"BreadcrumbList\",\"@id\":\"https:\\\/\\\/ferreteriax.es\\\/?page_id=2896#breadcrumb\",\"itemListElement\":[{\"@type\":\"ListItem\",\"position\":1,\"name\":\"Portada\",\"item\":\"https:\\\/\\\/ferreteriax.es\\\/\"},{\"@type\":\"ListItem\",\"position\":2,\"name\":\"Pol\u00edtica de cookies\"}]},{\"@type\":\"WebSite\",\"@id\":\"https:\\\/\\\/ferreteriax.es\\\/#website\",\"url\":\"https:\\\/\\\/ferreteriax.es\\\/\",\"name\":\"Ferre X\",\"description\":\"Ferreter\u00eda 24-48 horas\",\"potentialAction\":[{\"@type\":\"SearchAction\",\"target\":{\"@type\":\"EntryPoint\",\"urlTemplate\":\"https:\\\/\\\/ferreteriax.es\\\/?s={search_term_string}\"},\"query-input\":{\"@type\":\"PropertyValueSpecification\",\"valueRequired\":true,\"valueName\":\"search_term_string\"}}],\"inLanguage\":\"es\"}]}<\/script>\n<!-- \/ Yoast SEO plugin. -->","yoast_head_json":{"title":"Pol\u00edtica de cookies - Ferre X","robots":{"index":"index","follow":"follow","max-snippet":"max-snippet:-1","max-image-preview":"max-image-preview:large","max-video-preview":"max-video-preview:-1"},"canonical":"https:\/\/ferreteriax.es\/?page_id=2896","og_locale":"es_ES","og_type":"article","og_title":"Pol\u00edtica de cookies - Ferre X","og_description":"VOLVER A LA WEB 1.&nbsp;&nbsp; \u00bfQU\u00c9 SON LAS COOKIES? ILLANES ONLINE SL es responsable de la p\u00e1gina web http:\/\/www.ferreteriaillanes.com, y [&hellip;]","og_url":"https:\/\/ferreteriax.es\/?page_id=2896","og_site_name":"Ferre X","article_modified_time":"2026-05-02T11:28:28+00:00","twitter_card":"summary_large_image","twitter_misc":{"Tiempo de lectura":"4 minutos"},"schema":{"@context":"https:\/\/schema.org","@graph":[{"@type":"WebPage","@id":"https:\/\/ferreteriax.es\/?page_id=2896","url":"https:\/\/ferreteriax.es\/?page_id=2896","name":"Pol\u00edtica de cookies - Ferre X","isPartOf":{"@id":"https:\/\/ferreteriax.es\/#website"},"datePublished":"2026-05-02T11:28:26+00:00","dateModified":"2026-05-02T11:28:28+00:00","breadcrumb":{"@id":"https:\/\/ferreteriax.es\/?page_id=2896#breadcrumb"},"inLanguage":"es","potentialAction":[{"@type":"ReadAction","target":["https:\/\/ferreteriax.es\/?page_id=2896"]}]},{"@type":"BreadcrumbList","@id":"https:\/\/ferreteriax.es\/?page_id=2896#breadcrumb","itemListElement":[{"@type":"ListItem","position":1,"name":"Portada","item":"https:\/\/ferreteriax.es\/"},{"@type":"ListItem","position":2,"name":"Pol\u00edtica de cookies"}]},{"@type":"WebSite","@id":"https:\/\/ferreteriax.es\/#website","url":"https:\/\/ferreteriax.es\/","name":"Ferre X","description":"Ferreter\u00eda 24-48 horas","potentialAction":[{"@type":"SearchAction","target":{"@type":"EntryPoint","urlTemplate":"https:\/\/ferreteriax.es\/?s={search_term_string}"},"query-input":{"@type":"PropertyValueSpecification","valueRequired":true,"valueName":"search_term_string"}}],"inLanguage":"es"}]}},"_links":{"self":[{"href":"https:\/\/ferreteriax.es\/index.php?rest_route=\/wp\/v2\/pages\/2896","targetHints":{"allow":["GET"]}}],"collection":[{"href":"https:\/\/ferreteriax.es\/index.php?rest_route=\/wp\/v2\/pages"}],"about":[{"href":"https:\/\/ferreteriax.es\/index.php?rest_route=\/wp\/v2\/types\/page"}],"author":[{"embeddable":true,"href":"https:\/\/ferreteriax.es\/index.php?rest_route=\/wp\/v2\/users\/1"}],"replies":[{"embeddable":true,"href":"https:\/\/ferreteriax.es\/index.php?rest_route=%2Fwp%2Fv2%2Fcomments&post=2896"}],"version-history":[{"count":1,"href":"https:\/\/ferreteriax.es\/index.php?rest_route=\/wp\/v2\/pages\/2896\/revisions"}],"predecessor-version":[{"id":2901,"href":"https:\/\/ferreteriax.es\/index.php?rest_route=\/wp\/v2\/pages\/2896\/revisions\/2901"}],"wp:attachment":[{"href":"https:\/\/ferreteriax.es\/index.php?rest_route=%2Fwp%2Fv2%2Fmedia&parent=2896"}],"curies":[{"name":"wp","href":"https:\/\/api.w.org\/{rel}","templated":true}]}}